{"id":988,"date":"2021-07-21T13:41:39","date_gmt":"2021-07-21T17:41:39","guid":{"rendered":"https:\/\/stage.startertemplatecloud.com\/g12\/?page_id=988"},"modified":"2025-10-09T11:19:14","modified_gmt":"2025-10-09T15:19:14","slug":"home-2","status":"publish","type":"page","link":"https:\/\/www.vastagodeamor.org\/","title":{"rendered":"Home"},"content":{"rendered":"\n\n\n\n\n\n\n\n\n\n\n\n\n\n\n\n\n\n\n\n\n\n\n\n\n\n\n<h1>Todo se trata de&nbsp;<span style=\"color: rgb(161, 0, 0);\">amor<\/span><\/h1>\n\n<strong><em>Jes\u00fas contest\u00f3: \u201cAma al Se\u00f1or tu Dios con todo tu coraz\u00f3n, con toda tu alma y con toda tu mente\u201d Este es el primer mandamiento y el m\u00e1s importante. Hay un segundo mandamiento que es igualmente importante: \u201cAma a tu pr\u00f3jimo como a ti mismo\u201d <span style=\"color:#a10000;\">Mateo 22:37-38<\/span><\/em><\/strong>\n<strong><em>Pues Dios am\u00f3 tanto al mundo que dio a su \u00fanico Hijo, para que todo el que crea en \u00e9l no se pierda, sino que tenga vida eterna. Dios no envi\u00f3 a su Hijo al mundo para condenar al mundo, sino para salvarlo por medio de \u00e9l. <span style=\"color:#a10000;\">Juan 3:16<\/span><\/em><\/strong>\n\n\n\n","protected":false},"excerpt":{"rendered":"","protected":false},"author":1,"featured_media":0,"parent":0,"menu_order":0,"comment_status":"closed","ping_status":"closed","template":"","meta":{"give_campaign_id":0,"pagelayer_contact_templates":[],"_pagelayer_content":"","_price":"","_stock":"","_tribe_ticket_header":"","_tribe_default_ticket_provider":"","_tribe_ticket_capacity":"0","_ticket_start_date":"","_ticket_end_date":"","_tribe_ticket_show_description":"","_tribe_ticket_show_not_going":false,"_tribe_ticket_use_global_stock":"","_tribe_ticket_global_stock_level":"","_global_stock_mode":"","_global_stock_cap":"","_tribe_rsvp_for_event":"","_tribe_ticket_going_count":"","_tribe_ticket_not_going_count":"","_tribe_tickets_list":"[]","_tribe_ticket_has_attendee_info_fields":false,"_EventAllDay":false,"_EventTimezone":"","_EventStartDate":"","_EventEndDate":"","_EventStartDateUTC":"","_EventEndDateUTC":"","_EventShowMap":false,"_EventShowMapLink":false,"_EventURL":"","_EventCost":"","_EventCostDescription":"","_EventCurrencySymbol":"","_EventCurrencyCode":"","_EventCurrencyPosition":"","_EventDateTimeSeparator":"","_EventTimeRangeSeparator":"","_EventOrganizerID":[],"_EventVenueID":[],"_OrganizerEmail":"","_OrganizerPhone":"","_OrganizerWebsite":"","_VenueAddress":"","_VenueCity":"","_VenueCountry":"","_VenueProvince":"","_VenueState":"","_VenueZip":"","_VenuePhone":"","_VenueURL":"","_VenueStateProvince":"","_VenueLat":"","_VenueLng":"","_VenueShowMap":false,"_VenueShowMapLink":false,"_kadence_starter_templates_imported_post":true,"_kad_post_transparent":"default","_kad_post_title":"hide","_kad_post_layout":"normal","_kad_post_sidebar_id":"","_kad_post_content_style":"unboxed","_kad_post_vertical_padding":"hide","_kad_post_feature":"hide","_kad_post_feature_position":"","_kad_post_header":false,"_kad_post_footer":false,"footnotes":"","_tec_slr_enabled":"","_tec_slr_layout":""},"class_list":["post-988","page","type-page","status-publish","hentry"],"campaignId":"0","ticketed":false,"_links":{"self":[{"href":"https:\/\/www.vastagodeamor.org\/index.php?rest_route=\/wp\/v2\/pages\/988","targetHints":{"allow":["GET"]}}],"collection":[{"href":"https:\/\/www.vastagodeamor.org\/index.php?rest_route=\/wp\/v2\/pages"}],"about":[{"href":"https:\/\/www.vastagodeamor.org\/index.php?rest_route=\/wp\/v2\/types\/page"}],"author":[{"embeddable":true,"href":"https:\/\/www.vastagodeamor.org\/index.php?rest_route=\/wp\/v2\/users\/1"}],"replies":[{"embeddable":true,"href":"https:\/\/www.vastagodeamor.org\/index.php?rest_route=%2Fwp%2Fv2%2Fcomments&post=988"}],"version-history":[{"count":12,"href":"https:\/\/www.vastagodeamor.org\/index.php?rest_route=\/wp\/v2\/pages\/988\/revisions"}],"predecessor-version":[{"id":1636,"href":"https:\/\/www.vastagodeamor.org\/index.php?rest_route=\/wp\/v2\/pages\/988\/revisions\/1636"}],"wp:attachment":[{"href":"https:\/\/www.vastagodeamor.org\/index.php?rest_route=%2Fwp%2Fv2%2Fmedia&parent=988"}],"curies":[{"name":"wp","href":"https:\/\/api.w.org\/{rel}","templated":true}]}}